
{"id":1738,"date":"2017-06-28T19:39:53","date_gmt":"2017-06-28T22:09:53","guid":{"rendered":"http:\/\/master.commercial.dlcserver.com\/fr\/?page_id=1738"},"modified":"2017-10-12T20:57:40","modified_gmt":"2017-10-12T23:27:40","slug":"utilisation-dun-professionnel-de-lhypotheque-commerciale","status":"publish","type":"page","link":"https:\/\/samdayal.ca\/fr\/utilisation-dun-professionnel-de-lhypotheque-commerciale\/","title":{"rendered":"Utilisation d&rsquo;un professionnel de l&rsquo;hypoth\u00e8que commerciale"},"content":{"rendered":"<p>Dominion Lending Centers Commercial a \u00e9tabli d&rsquo;excellentes relations dans la communaut\u00e9 des pr\u00eats avec les fonds de pension, les banques, les coop\u00e9ratives de cr\u00e9dit, les compagnies d&rsquo;assurance-vie, les soci\u00e9t\u00e9s de fiducie, les institutions priv\u00e9es et les investisseurs individuels. Ces relations permettent \u00e0 Dominion Lending Centers Commercial d&rsquo;identifier la source de fonds qui sera le plus susceptible de r\u00e9pondre aux besoins de ses clients emprunteurs.<\/p>\n<p>Les transactions de financement immobilier commercial sont souvent tr\u00e8s complexes. Chez Dominion Lending Centers Commercial, nous avons une vaste exp\u00e9rience et nous sommes experts dans la structuration de transactions qui fonctionnent de mani\u00e8re optimale pour toutes les parties concern\u00e9es. Nos professionnels facilitent un processus en douceur qui commence par les discussions initiales et se termine par un financement en temps opportun et sans probl\u00e8me. Afin d&rsquo;attirer le meilleur financement possible, chaque situation est pr\u00e9sent\u00e9e aussi efficacement et professionnellement que possible. Dominion Lending Centers Commercial poss\u00e8de les ressources et les connaissances n\u00e9cessaires pour pr\u00e9parer et souscrire une grande vari\u00e9t\u00e9 de transactions, y compris la mod\u00e9lisation informatique, les aides visuelles, les pr\u00e9sentations \u00e9crites et les informations auxiliaires.<\/p>\n","protected":false},"excerpt":{"rendered":"<p>Dominion Lending Centers Commercial a \u00e9tabli d&rsquo;excellentes relations dans la communaut\u00e9 des pr\u00eats avec les fonds de pension, les banques, les coop\u00e9ratives de cr\u00e9dit, les compagnies d&rsquo;assurance-vie, les soci\u00e9t\u00e9s de fiducie, les institutions priv\u00e9es et les investisseurs individuels. Ces relations permettent \u00e0 Dominion Lending Centers Commercial d&rsquo;identifier la source de fonds qui sera le plus [&hellip;]<\/p>\n","protected":false},"author":1,"featured_media":1777,"parent":0,"menu_order":0,"comment_status":"closed","ping_status":"closed","template":"","meta":[],"yoast_head":"<!-- This site is optimized with the Yoast SEO plugin v17.1 - https:\/\/yoast.com\/wordpress\/plugins\/seo\/ -->\n<meta name=\"robots\" content=\"index, follow, max-snippet:-1, max-image-preview:large, max-video-preview:-1\" \/>\n<link rel=\"canonical\" href=\"https:\/\/samdayal.ca\/fr\/utilisation-dun-professionnel-de-lhypotheque-commerciale\/\" \/>\n<meta property=\"og:locale\" content=\"fr_FR\" \/>\n<meta property=\"og:type\" content=\"article\" \/>\n<meta property=\"og:title\" content=\"Utilisation d&#039;un professionnel de l&#039;hypoth\u00e8que commerciale - Dominion Lending Centres\" \/>\n<meta property=\"og:description\" content=\"Dominion Lending Centers Commercial a \u00e9tabli d&rsquo;excellentes relations dans la communaut\u00e9 des pr\u00eats avec les fonds de pension, les banques, les coop\u00e9ratives de cr\u00e9dit, les compagnies d&rsquo;assurance-vie, les soci\u00e9t\u00e9s de fiducie, les institutions priv\u00e9es et les investisseurs individuels. Ces relations permettent \u00e0 Dominion Lending Centers Commercial d&rsquo;identifier la source de fonds qui sera le plus [&hellip;]\" \/>\n<meta property=\"og:url\" content=\"https:\/\/samdayal.ca\/fr\/utilisation-dun-professionnel-de-lhypotheque-commerciale\/\" \/>\n<meta property=\"og:site_name\" content=\"Dominion Lending Centres\" \/>\n<meta property=\"article:modified_time\" content=\"2017-10-12T23:27:40+00:00\" \/>\n<meta property=\"og:image\" content=\"https:\/\/samdayal.ca\/wp-content\/uploads\/2017\/06\/office.jpg\" \/>\n\t<meta property=\"og:image:width\" content=\"2000\" \/>\n\t<meta property=\"og:image:height\" content=\"1048\" \/>\n<meta name=\"twitter:card\" content=\"summary\" \/>\n<meta name=\"twitter:label1\" content=\"Dur\u00e9e de lecture est.\" \/>\n\t<meta name=\"twitter:data1\" content=\"1 minute\" \/>\n<script type=\"application\/ld+json\" class=\"yoast-schema-graph\">{\"@context\":\"https:\/\/schema.org\",\"@graph\":[{\"@type\":\"WebSite\",\"@id\":\"https:\/\/samdayal.ca\/#website\",\"url\":\"https:\/\/samdayal.ca\/\",\"name\":\"Dominion Lending Centres\",\"description\":\"Broker Website\",\"potentialAction\":[{\"@type\":\"SearchAction\",\"target\":{\"@type\":\"EntryPoint\",\"urlTemplate\":\"https:\/\/samdayal.ca\/?s={search_term_string}\"},\"query-input\":\"required name=search_term_string\"}],\"inLanguage\":\"fr-FR\"},{\"@type\":\"ImageObject\",\"@id\":\"https:\/\/samdayal.ca\/fr\/utilisation-dun-professionnel-de-lhypotheque-commerciale\/#primaryimage\",\"inLanguage\":\"fr-FR\",\"url\":\"https:\/\/samdayal.ca\/wp-content\/uploads\/2017\/06\/office.jpg\",\"contentUrl\":\"https:\/\/samdayal.ca\/wp-content\/uploads\/2017\/06\/office.jpg\",\"width\":2000,\"height\":1048},{\"@type\":\"WebPage\",\"@id\":\"https:\/\/samdayal.ca\/fr\/utilisation-dun-professionnel-de-lhypotheque-commerciale\/#webpage\",\"url\":\"https:\/\/samdayal.ca\/fr\/utilisation-dun-professionnel-de-lhypotheque-commerciale\/\",\"name\":\"Utilisation d'un professionnel de l'hypoth\\u00e8que commerciale - Dominion Lending Centres\",\"isPartOf\":{\"@id\":\"https:\/\/samdayal.ca\/#website\"},\"primaryImageOfPage\":{\"@id\":\"https:\/\/samdayal.ca\/fr\/utilisation-dun-professionnel-de-lhypotheque-commerciale\/#primaryimage\"},\"datePublished\":\"2017-06-28T22:09:53+00:00\",\"dateModified\":\"2017-10-12T23:27:40+00:00\",\"breadcrumb\":{\"@id\":\"https:\/\/samdayal.ca\/fr\/utilisation-dun-professionnel-de-lhypotheque-commerciale\/#breadcrumb\"},\"inLanguage\":\"fr-FR\",\"potentialAction\":[{\"@type\":\"ReadAction\",\"target\":[\"https:\/\/samdayal.ca\/fr\/utilisation-dun-professionnel-de-lhypotheque-commerciale\/\"]}]},{\"@type\":\"BreadcrumbList\",\"@id\":\"https:\/\/samdayal.ca\/fr\/utilisation-dun-professionnel-de-lhypotheque-commerciale\/#breadcrumb\",\"itemListElement\":[{\"@type\":\"ListItem\",\"position\":1,\"name\":\"Home\",\"item\":\"https:\/\/samdayal.ca\/fr\/\"},{\"@type\":\"ListItem\",\"position\":2,\"name\":\"Utilisation d&rsquo;un professionnel de l&rsquo;hypoth\\u00e8que commerciale\"}]}]}<\/script>\n<!-- \/ Yoast SEO plugin. -->","yoast_head_json":{"robots":{"index":"index","follow":"follow","max-snippet":"max-snippet:-1","max-image-preview":"max-image-preview:large","max-video-preview":"max-video-preview:-1"},"canonical":"https:\/\/samdayal.ca\/fr\/utilisation-dun-professionnel-de-lhypotheque-commerciale\/","og_locale":"fr_FR","og_type":"article","og_title":"Utilisation d'un professionnel de l'hypoth\u00e8que commerciale - Dominion Lending Centres","og_description":"Dominion Lending Centers Commercial a \u00e9tabli d&rsquo;excellentes relations dans la communaut\u00e9 des pr\u00eats avec les fonds de pension, les banques, les coop\u00e9ratives de cr\u00e9dit, les compagnies d&rsquo;assurance-vie, les soci\u00e9t\u00e9s de fiducie, les institutions priv\u00e9es et les investisseurs individuels. Ces relations permettent \u00e0 Dominion Lending Centers Commercial d&rsquo;identifier la source de fonds qui sera le plus [&hellip;]","og_url":"https:\/\/samdayal.ca\/fr\/utilisation-dun-professionnel-de-lhypotheque-commerciale\/","og_site_name":"Dominion Lending Centres","article_modified_time":"2017-10-12T23:27:40+00:00","og_image":[{"width":2000,"height":1048,"url":"https:\/\/samdayal.ca\/wp-content\/uploads\/2017\/06\/office.jpg","path":"\/var\/www\/sites\/wps\/sites\/code\/wp-content\/uploads\/2017\/06\/office.jpg","size":"full","id":1777,"alt":"","pixels":2096000,"type":"image\/jpeg"}],"twitter_card":"summary","twitter_misc":{"Dur\u00e9e de lecture est.":"1 minute"},"schema":{"@context":"https:\/\/schema.org","@graph":[{"@type":"WebSite","@id":"https:\/\/samdayal.ca\/#website","url":"https:\/\/samdayal.ca\/","name":"Dominion Lending Centres","description":"Broker Website","potentialAction":[{"@type":"SearchAction","target":{"@type":"EntryPoint","urlTemplate":"https:\/\/samdayal.ca\/?s={search_term_string}"},"query-input":"required name=search_term_string"}],"inLanguage":"fr-FR"},{"@type":"ImageObject","@id":"https:\/\/samdayal.ca\/fr\/utilisation-dun-professionnel-de-lhypotheque-commerciale\/#primaryimage","inLanguage":"fr-FR","url":"https:\/\/samdayal.ca\/wp-content\/uploads\/2017\/06\/office.jpg","contentUrl":"https:\/\/samdayal.ca\/wp-content\/uploads\/2017\/06\/office.jpg","width":2000,"height":1048},{"@type":"WebPage","@id":"https:\/\/samdayal.ca\/fr\/utilisation-dun-professionnel-de-lhypotheque-commerciale\/#webpage","url":"https:\/\/samdayal.ca\/fr\/utilisation-dun-professionnel-de-lhypotheque-commerciale\/","name":"Utilisation d'un professionnel de l'hypoth\u00e8que commerciale - Dominion Lending Centres","isPartOf":{"@id":"https:\/\/samdayal.ca\/#website"},"primaryImageOfPage":{"@id":"https:\/\/samdayal.ca\/fr\/utilisation-dun-professionnel-de-lhypotheque-commerciale\/#primaryimage"},"datePublished":"2017-06-28T22:09:53+00:00","dateModified":"2017-10-12T23:27:40+00:00","breadcrumb":{"@id":"https:\/\/samdayal.ca\/fr\/utilisation-dun-professionnel-de-lhypotheque-commerciale\/#breadcrumb"},"inLanguage":"fr-FR","potentialAction":[{"@type":"ReadAction","target":["https:\/\/samdayal.ca\/fr\/utilisation-dun-professionnel-de-lhypotheque-commerciale\/"]}]},{"@type":"BreadcrumbList","@id":"https:\/\/samdayal.ca\/fr\/utilisation-dun-professionnel-de-lhypotheque-commerciale\/#breadcrumb","itemListElement":[{"@type":"ListItem","position":1,"name":"Home","item":"https:\/\/samdayal.ca\/fr\/"},{"@type":"ListItem","position":2,"name":"Utilisation d&rsquo;un professionnel de l&rsquo;hypoth\u00e8que commerciale"}]}]}},"_links":{"self":[{"href":"https:\/\/samdayal.ca\/fr\/wp-json\/wp\/v2\/pages\/1738"}],"collection":[{"href":"https:\/\/samdayal.ca\/fr\/wp-json\/wp\/v2\/pages"}],"about":[{"href":"https:\/\/samdayal.ca\/fr\/wp-json\/wp\/v2\/types\/page"}],"author":[{"embeddable":true,"href":"https:\/\/samdayal.ca\/fr\/wp-json\/wp\/v2\/users\/1"}],"replies":[{"embeddable":true,"href":"https:\/\/samdayal.ca\/fr\/wp-json\/wp\/v2\/comments?post=1738"}],"version-history":[{"count":3,"href":"https:\/\/samdayal.ca\/fr\/wp-json\/wp\/v2\/pages\/1738\/revisions"}],"predecessor-version":[{"id":1869,"href":"https:\/\/samdayal.ca\/fr\/wp-json\/wp\/v2\/pages\/1738\/revisions\/1869"}],"wp:featuredmedia":[{"embeddable":true,"href":"https:\/\/samdayal.ca\/fr\/wp-json\/wp\/v2\/media\/1777"}],"wp:attachment":[{"href":"https:\/\/samdayal.ca\/fr\/wp-json\/wp\/v2\/media?parent=1738"}],"curies":[{"name":"wp","href":"https:\/\/api.w.org\/{rel}","templated":true}]}}